{"id":4643,"date":"2022-11-02T17:16:30","date_gmt":"2022-11-02T16:16:30","guid":{"rendered":"https:\/\/mini.w3mountain.com\/?post_type=product&#038;p=4643"},"modified":"2023-10-09T11:44:35","modified_gmt":"2023-10-09T09:44:35","slug":"kore-97-w-2","status":"publish","type":"product","link":"https:\/\/w3mountain.com\/en\/product\/kore-97-w-2\/","title":{"rendered":"Kore 97 W"},"content":{"rendered":"<p>Le tout nouveau <strong>Kore 97 W<\/strong> est un ski freeride sp\u00e9cialement con\u00e7u pour les femmes.<\/p>\n<p>Le\u00a0<strong>Kore 97 W\u00a0<\/strong>est\u00a0robuste\u00a0et\u00a0l\u00e9ger\u00a0mais \u00e9galement\u00a0stable\u00a0et\u00a0agile, c&#8217;est un ski hors norme. Il allie l\u00e9g\u00e8ret\u00e9, flottabilit\u00e9 et contr\u00f4le. Le\u00a0<strong>tissage triaxial<\/strong>\u00a0de sa couche en\u00a0<strong>fibre de carbone<\/strong>\u00a0augmente la r\u00e9sistance \u00e0 la torsion pour une r\u00e9activit\u00e9 hors pair et une bonne tenue des carres.<\/p>\n<p>Son\u00a0<strong>double rocker<\/strong>\u00a0all\u00e9g\u00e9 gr\u00e2ce \u00e0 la pr\u00e9sence du\u00a0<strong>Graph\u00e8ne<\/strong>\u00a0permet de r\u00e9partir le poids dans tout le ski et d&#8217;am\u00e9liorer ainsi la flottaison dans la poudreuse et la maniabilit\u00e9 dans les neiges changeantes.\u00a0Son\u00a0<strong>rocker Tip-Tail<\/strong>\u00a0\u00e0 la\u00a0longueur de carre plus courte, contribue \u00e9galement \u00e0 sa grande maniabilit\u00e9.\u00a0Son noyau en bois\u00a0<strong>Karuba l\u00e9ger<\/strong>\u00a0offre l&#8217;\u00e9lasticit\u00e9 et la robustesse dont a besoin ce ski.<\/p>\n<p>Le\u00a0<strong>Kore 97 W\u00a0<\/strong>est parfait pour les freeriders confirm\u00e9s \u00e0 la recherche d&#8217;un ski l\u00e9ger et performant pour les journ\u00e9es de r\u00eave, pass\u00e9es \u00e0 rider dans la poudreuse !<\/p>\n","protected":false},"excerpt":{"rendered":"<p>La gamme\u00a0<strong>Kore<\/strong>\u00a0utilise les technologies et les mat\u00e9riaux les plus avanc\u00e9s du march\u00e9. Elle\u00a0rencontre toujours autant de succ\u00e8s gr\u00e2ce \u00e0 sa construction innovante qui la rend si sp\u00e9ciale :\u00a0elle m\u00eale\u00a0<strong>carbone<\/strong>,\u00a0<strong>Graph\u00e8ne\u00a0<\/strong>et un noyau en<strong>\u00a0bois de Karuba<\/strong>. R\u00e9sultat, ces skis\u00a0sont\u00a0<strong>robustes,<\/strong>\u00a0souples et avec un gros pop !<\/p>\n<p>&nbsp;<\/p>\n","protected":false},"featured_media":35736,"comment_status":"open","ping_status":"closed","template":"","meta":[],"product_cat":[259],"product_tag":[257],"class_list":["post-4643","product","type-product","status-publish","has-post-thumbnail","hentry","product_cat-all","product_tag-ski-en"],"_links":{"self":[{"href":"https:\/\/w3mountain.com\/en\/wp-json\/wp\/v2\/product\/4643","targetHints":{"allow":["GET"]}}],"collection":[{"href":"https:\/\/w3mountain.com\/en\/wp-json\/wp\/v2\/product"}],"about":[{"href":"https:\/\/w3mountain.com\/en\/wp-json\/wp\/v2\/types\/product"}],"replies":[{"embeddable":true,"href":"https:\/\/w3mountain.com\/en\/wp-json\/wp\/v2\/comments?post=4643"}],"version-history":[{"count":0,"href":"https:\/\/w3mountain.com\/en\/wp-json\/wp\/v2\/product\/4643\/revisions"}],"wp:featuredmedia":[{"embeddable":true,"href":"https:\/\/w3mountain.com\/en\/wp-json\/wp\/v2\/media\/35736"}],"wp:attachment":[{"href":"https:\/\/w3mountain.com\/en\/wp-json\/wp\/v2\/media?parent=4643"}],"wp:term":[{"taxonomy":"product_cat","embeddable":true,"href":"https:\/\/w3mountain.com\/en\/wp-json\/wp\/v2\/product_cat?post=4643"},{"taxonomy":"product_tag","embeddable":true,"href":"https:\/\/w3mountain.com\/en\/wp-json\/wp\/v2\/product_tag?post=4643"}],"curies":[{"name":"wp","href":"https:\/\/api.w.org\/{rel}","templated":true}]}}