{"id":4637,"date":"2022-11-02T17:12:14","date_gmt":"2022-11-02T16:12:14","guid":{"rendered":"https:\/\/mini.w3mountain.com\/?post_type=product&#038;p=4637"},"modified":"2023-10-09T11:44:36","modified_gmt":"2023-10-09T09:44:36","slug":"kore-111-2","status":"publish","type":"product","link":"https:\/\/w3mountain.com\/en\/product\/kore-111-2\/","title":{"rendered":"Kore 111"},"content":{"rendered":"<p>HEAD&#8217;s pro skiers requested a freeride ski with agility, versatility and flotation. The athlete-inspired KORE 111 is the answer. This lightweight and nimble ski comes from a unique construction that reduces weight without sacrificing performance, thanks to a combination of Graphene, Karuba wood and multi layers of Carbon. The sandwich sidewall construction is enhanced with a new topsheet shape that adds durability, while tip and tail rocker adds flotation so you can channel your inner pro skier.<\/p>\n","protected":false},"excerpt":{"rendered":"<p>La gamme\u00a0<strong>Kore<\/strong>\u00a0utilise les technologies et les mat\u00e9riaux les plus avanc\u00e9s du march\u00e9. Elle\u00a0rencontre toujours autant de succ\u00e8s gr\u00e2ce \u00e0 sa construction innovante qui la rend si sp\u00e9ciale :\u00a0elle m\u00eale\u00a0<strong>carbone<\/strong>,\u00a0<strong>Graph\u00e8ne\u00a0<\/strong>et un noyau en<strong>\u00a0bois de Karuba<\/strong>. R\u00e9sultat, ces skis\u00a0sont\u00a0<strong>robustes,<\/strong>\u00a0souples et avec un gros pop !<\/p>\n","protected":false},"featured_media":35708,"comment_status":"open","ping_status":"closed","template":"","meta":[],"product_cat":[259],"product_tag":[257],"class_list":["post-4637","product","type-product","status-publish","has-post-thumbnail","hentry","product_cat-all","product_tag-ski-en"],"_links":{"self":[{"href":"https:\/\/w3mountain.com\/en\/wp-json\/wp\/v2\/product\/4637","targetHints":{"allow":["GET"]}}],"collection":[{"href":"https:\/\/w3mountain.com\/en\/wp-json\/wp\/v2\/product"}],"about":[{"href":"https:\/\/w3mountain.com\/en\/wp-json\/wp\/v2\/types\/product"}],"replies":[{"embeddable":true,"href":"https:\/\/w3mountain.com\/en\/wp-json\/wp\/v2\/comments?post=4637"}],"version-history":[{"count":0,"href":"https:\/\/w3mountain.com\/en\/wp-json\/wp\/v2\/product\/4637\/revisions"}],"wp:featuredmedia":[{"embeddable":true,"href":"https:\/\/w3mountain.com\/en\/wp-json\/wp\/v2\/media\/35708"}],"wp:attachment":[{"href":"https:\/\/w3mountain.com\/en\/wp-json\/wp\/v2\/media?parent=4637"}],"wp:term":[{"taxonomy":"product_cat","embeddable":true,"href":"https:\/\/w3mountain.com\/en\/wp-json\/wp\/v2\/product_cat?post=4637"},{"taxonomy":"product_tag","embeddable":true,"href":"https:\/\/w3mountain.com\/en\/wp-json\/wp\/v2\/product_tag?post=4637"}],"curies":[{"name":"wp","href":"https:\/\/api.w.org\/{rel}","templated":true}]}}