{"id":36979,"date":"2023-03-16T15:33:22","date_gmt":"2023-03-16T14:33:22","guid":{"rendered":"https:\/\/w3mountain.com\/?post_type=product&#038;p=36979"},"modified":"2023-10-31T11:28:51","modified_gmt":"2023-10-31T10:28:51","slug":"backcountry-2","status":"publish","type":"product","link":"https:\/\/w3mountain.com\/en\/product\/backcountry-2\/","title":{"rendered":"BACKCOUNTRY-EN"},"content":{"rendered":"<div class=\"ld-tabs-content\">\n<div id=\"ld-tab-content-36485\" class=\"ld-tab-content ld-visible\" role=\"tabpanel\" aria-labelledby=\"content\">\n<p>Le cours BACKCOUNTRY est d\u00e9coup\u00e9 en 3 parties :<\/p>\n<ol>\n<li><strong>AVOID<\/strong>: \u00c9viter les risques<\/li>\n<li><strong>REACT<\/strong>: R\u00e9agir positivement en cas de crise<\/li>\n<li><strong>RESCUE<\/strong>: G\u00e9rer un sauvetage avec succ\u00e8s<\/li>\n<\/ol>\n<p><strong>La m\u00e9thode WEMountain vous place au centre de l\u2019attention<\/strong><\/p>\n<p>Elle est accessible et con\u00e7ue pour que chacune et chacun \u00e9volue de mani\u00e8re autonome \u00e0 travers les diff\u00e9rents modules. C\u2019est une formation progressive bas\u00e9e sur une volont\u00e9 d\u2019\u00e9quilibre entre la p\u00e9dagogie et le divertissement afin d\u2019adopter le bon comportement en montagne.<\/p>\n<p><strong>Avec WEMountain, apprenez en ayant du plaisir !<\/strong><\/p>\n<\/div>\n<\/div>\n","protected":false},"excerpt":{"rendered":"<p>The <strong>OFFPISTE<\/strong> course is designed for backcountry skiers and riders who want to learn the skills they need to stay safe. It teaches them basic <b>avalanche risk management<\/b> and connects them with the WEMountain community.<\/p>\n","protected":false},"featured_media":55371,"comment_status":"open","ping_status":"closed","template":"","meta":[],"product_cat":[580,591,259],"product_tag":[],"class_list":["post-36979","product","type-product","status-publish","has-post-thumbnail","hentry","product_cat-wemountain-en","product_cat-backcountry","product_cat-all"],"_links":{"self":[{"href":"https:\/\/w3mountain.com\/en\/wp-json\/wp\/v2\/product\/36979","targetHints":{"allow":["GET"]}}],"collection":[{"href":"https:\/\/w3mountain.com\/en\/wp-json\/wp\/v2\/product"}],"about":[{"href":"https:\/\/w3mountain.com\/en\/wp-json\/wp\/v2\/types\/product"}],"replies":[{"embeddable":true,"href":"https:\/\/w3mountain.com\/en\/wp-json\/wp\/v2\/comments?post=36979"}],"version-history":[{"count":0,"href":"https:\/\/w3mountain.com\/en\/wp-json\/wp\/v2\/product\/36979\/revisions"}],"wp:featuredmedia":[{"embeddable":true,"href":"https:\/\/w3mountain.com\/en\/wp-json\/wp\/v2\/media\/55371"}],"wp:attachment":[{"href":"https:\/\/w3mountain.com\/en\/wp-json\/wp\/v2\/media?parent=36979"}],"wp:term":[{"taxonomy":"product_cat","embeddable":true,"href":"https:\/\/w3mountain.com\/en\/wp-json\/wp\/v2\/product_cat?post=36979"},{"taxonomy":"product_tag","embeddable":true,"href":"https:\/\/w3mountain.com\/en\/wp-json\/wp\/v2\/product_tag?post=36979"}],"curies":[{"name":"wp","href":"https:\/\/api.w.org\/{rel}","templated":true}]}}