{"id":52053,"date":"2025-06-18T15:44:29","date_gmt":"2025-06-18T13:44:29","guid":{"rendered":"https:\/\/w3mountain.com\/t-learning-schedule\/"},"modified":"2025-12-27T23:04:22","modified_gmt":"2025-12-27T22:04:22","slug":"t-learning-schedule","status":"publish","type":"page","link":"https:\/\/w3mountain.com\/en\/t-learning-schedule\/","title":{"rendered":"T-Learning Schedule"},"content":{"rendered":"\t\t<div data-elementor-type=\"wp-page\" data-elementor-id=\"52053\" class=\"elementor elementor-52053 elementor-51574\" data-elementor-post-type=\"page\">\n\t\t\t\t\t\t\t<div class=\"elementor-element elementor-element-e0217ce e-con-full hero e-flex e-con e-parent\" data-id=\"e0217ce\" data-element_type=\"container\" data-settings=\"{&quot;background_background&quot;:&quot;video&quot;,&quot;background_video_link&quot;:&quot;https:\\\/\\\/vimeo.com\\\/1125773671?share=copy&quot;,&quot;background_video_start&quot;:0,&quot;background_video_end&quot;:34,&quot;content_width&quot;:&quot;full&quot;,&quot;background_play_on_mobile&quot;:&quot;yes&quot;}\" data-core-v316-plus=\"true\">\n\t\t<div class=\"elementor-background-video-container\">\n\t\t\t\t\t\t\t<div class=\"elementor-background-video-embed\"><\/div>\n\t\t\t\t\t\t<\/div>\t\t<\/div>\n\t\t<div class=\"elementor-element elementor-element-509de08 e-con-full herotext e-transform elementor-hidden-mobile e-flex e-con e-parent\" data-id=\"509de08\" data-element_type=\"container\" data-settings=\"{&quot;content_width&quot;:&quot;full&quot;,&quot;_transform_scale_effect&quot;:{&quot;unit&quot;:&quot;px&quot;,&quot;size&quot;:&quot;&quot;,&quot;sizes&quot;:[]},&quot;_transform_scale_effect_tablet&quot;:{&quot;unit&quot;:&quot;px&quot;,&quot;size&quot;:&quot;&quot;,&quot;sizes&quot;:[]},&quot;_transform_scale_effect_mobile&quot;:{&quot;unit&quot;:&quot;px&quot;,&quot;size&quot;:&quot;&quot;,&quot;sizes&quot;:[]}}\" data-core-v316-plus=\"true\">\n\t\t\t\t<div class=\"elementor-element elementor-element-ec82329 HEROTEXT elementor-widget elementor-widget-heading\" data-id=\"ec82329\" data-element_type=\"widget\" data-widget_type=\"heading.default\">\n\t\t\t\t<div class=\"elementor-widget-container\">\n\t\t\t<style>\/*! elementor - v3.16.0 - 09-10-2023 *\/\n.elementor-heading-title{padding:0;margin:0;line-height:1}.elementor-widget-heading .elementor-heading-title[class*=elementor-size-]>a{color:inherit;font-size:inherit;line-height:inherit}.elementor-widget-heading .elementor-heading-title.elementor-size-small{font-size:15px}.elementor-widget-heading .elementor-heading-title.elementor-size-medium{font-size:19px}.elementor-widget-heading .elementor-heading-title.elementor-size-large{font-size:29px}.elementor-widget-heading .elementor-heading-title.elementor-size-xl{font-size:39px}.elementor-widget-heading .elementor-heading-title.elementor-size-xxl{font-size:59px}<\/style><h1 class=\"elementor-heading-title elementor-size-default\">T-LEARNING COURSES SCHEDULE<\/h1>\t\t<\/div>\n\t\t\t\t<\/div>\n\t\t\t\t<div class=\"elementor-element elementor-element-34a6d71 elementor-widget-divider--view-line elementor-widget elementor-widget-divider\" data-id=\"34a6d71\" data-element_type=\"widget\" data-widget_type=\"divider.default\">\n\t\t\t\t<div class=\"elementor-widget-container\">\n\t\t\t<style>\/*! elementor - v3.16.0 - 09-10-2023 *\/\n.elementor-widget-divider{--divider-border-style:none;--divider-border-width:1px;--divider-color:#0c0d0e;--divider-icon-size:20px;--divider-element-spacing:10px;--divider-pattern-height:24px;--divider-pattern-size:20px;--divider-pattern-url:none;--divider-pattern-repeat:repeat-x}.elementor-widget-divider .elementor-divider{display:flex}.elementor-widget-divider .elementor-divider__text{font-size:15px;line-height:1;max-width:95%}.elementor-widget-divider .elementor-divider__element{margin:0 var(--divider-element-spacing);flex-shrink:0}.elementor-widget-divider .elementor-icon{font-size:var(--divider-icon-size)}.elementor-widget-divider .elementor-divider-separator{display:flex;margin:0;direction:ltr}.elementor-widget-divider--view-line_icon .elementor-divider-separator,.elementor-widget-divider--view-line_text .elementor-divider-separator{align-items:center}.elementor-widget-divider--view-line_icon .elementor-divider-separator:after,.elementor-widget-divider--view-line_icon .elementor-divider-separator:before,.elementor-widget-divider--view-line_text .elementor-divider-separator:after,.elementor-widget-divider--view-line_text .elementor-divider-separator:before{display:block;content:\"\";border-bottom:0;flex-grow:1;border-top:var(--divider-border-width) var(--divider-border-style) var(--divider-color)}.elementor-widget-divider--element-align-left .elementor-divider .elementor-divider-separator>.elementor-divider__svg:first-of-type{flex-grow:0;flex-shrink:100}.elementor-widget-divider--element-align-left .elementor-divider-separator:before{content:none}.elementor-widget-divider--element-align-left .elementor-divider__element{margin-left:0}.elementor-widget-divider--element-align-right .elementor-divider .elementor-divider-separator>.elementor-divider__svg:last-of-type{flex-grow:0;flex-shrink:100}.elementor-widget-divider--element-align-right .elementor-divider-separator:after{content:none}.elementor-widget-divider--element-align-right .elementor-divider__element{margin-right:0}.elementor-widget-divider:not(.elementor-widget-divider--view-line_text):not(.elementor-widget-divider--view-line_icon) .elementor-divider-separator{border-top:var(--divider-border-width) var(--divider-border-style) var(--divider-color)}.elementor-widget-divider--separator-type-pattern{--divider-border-style:none}.elementor-widget-divider--separator-type-pattern.elementor-widget-divider--view-line .elementor-divider-separator,.elementor-widget-divider--separator-type-pattern:not(.elementor-widget-divider--view-line) .elementor-divider-separator:after,.elementor-widget-divider--separator-type-pattern:not(.elementor-widget-divider--view-line) .elementor-divider-separator:before,.elementor-widget-divider--separator-type-pattern:not([class*=elementor-widget-divider--view]) .elementor-divider-separator{width:100%;min-height:var(--divider-pattern-height);-webkit-mask-size:var(--divider-pattern-size) 100%;mask-size:var(--divider-pattern-size) 100%;-webkit-mask-repeat:var(--divider-pattern-repeat);mask-repeat:var(--divider-pattern-repeat);background-color:var(--divider-color);-webkit-mask-image:var(--divider-pattern-url);mask-image:var(--divider-pattern-url)}.elementor-widget-divider--no-spacing{--divider-pattern-size:auto}.elementor-widget-divider--bg-round{--divider-pattern-repeat:round}.rtl .elementor-widget-divider .elementor-divider__text{direction:rtl}.e-con-inner>.elementor-widget-divider,.e-con>.elementor-widget-divider{width:var(--container-widget-width,100%);--flex-grow:var(--container-widget-flex-grow)}<\/style>\t\t<div class=\"elementor-divider\">\n\t\t\t<span class=\"elementor-divider-separator\">\n\t\t\t\t\t\t<\/span>\n\t\t<\/div>\n\t\t\t\t<\/div>\n\t\t\t\t<\/div>\n\t\t\t\t<div class=\"elementor-element elementor-element-8e6f96a elementor-widget-divider--view-line elementor-widget elementor-widget-divider\" data-id=\"8e6f96a\" data-element_type=\"widget\" data-widget_type=\"divider.default\">\n\t\t\t\t<div class=\"elementor-widget-container\">\n\t\t\t\t\t<div class=\"elementor-divider\">\n\t\t\t<span class=\"elementor-divider-separator\">\n\t\t\t\t\t\t<\/span>\n\t\t<\/div>\n\t\t\t\t<\/div>\n\t\t\t\t<\/div>\n\t\t\t\t<div class=\"elementor-element elementor-element-f63f149 elementor-align-center HEROTEXT elementor-hidden-mobile elementor-widget elementor-widget-button\" data-id=\"f63f149\" data-element_type=\"widget\" data-widget_type=\"button.default\">\n\t\t\t\t<div class=\"elementor-widget-container\">\n\t\t\t\t\t<div class=\"elementor-button-wrapper\">\n\t\t\t<a class=\"elementor-button elementor-button-link elementor-size-md elementor-animation-grow\" href=\"https:\/\/w3mountain.com\/en\/t-learning-schedule\/#choose\">\n\t\t\t\t\t\t<span class=\"elementor-button-content-wrapper\">\n\t\t\t\t\t\t<span class=\"elementor-button-text\">Book a Course<\/span>\n\t\t<\/span>\n\t\t\t\t\t<\/a>\n\t\t<\/div>\n\t\t\t\t<\/div>\n\t\t\t\t<\/div>\n\t\t\t\t<\/div>\n\t\t<div class=\"elementor-element elementor-element-63fdfa7 e-con-full choose e-flex e-con e-parent\" data-id=\"63fdfa7\" data-element_type=\"container\" id=\"choose\" data-settings=\"{&quot;content_width&quot;:&quot;full&quot;}\" data-core-v316-plus=\"true\">\n\t\t\t\t<div class=\"elementor-element elementor-element-88d4817 elementor-widget elementor-widget-heading\" data-id=\"88d4817\" data-element_type=\"widget\" data-widget_type=\"heading.default\">\n\t\t\t\t<div class=\"elementor-widget-container\">\n\t\t\t<h1 class=\"elementor-heading-title elementor-size-default\">CHOOSE YOUR COURSE<\/h1>\t\t<\/div>\n\t\t\t\t<\/div>\n\t\t\t\t<\/div>\n\t\t<div class=\"elementor-element elementor-element-d3d9888 e-con-full elementor-hidden-mobile e-flex e-con e-parent\" data-id=\"d3d9888\" data-element_type=\"container\" data-settings=\"{&quot;content_width&quot;:&quot;full&quot;}\" data-core-v316-plus=\"true\">\n\t\t\t\t<div class=\"elementor-element elementor-element-f9036c3 elementor-widget elementor-widget-html\" data-id=\"f9036c3\" data-element_type=\"widget\" data-widget_type=\"html.default\">\n\t\t\t\t<div class=\"elementor-widget-container\">\n\t\t\t<iframe\n  id=\"softr-planning\"\n  src=\"https:\/\/instructorwem.softr.app\/planning-t-learning-membres-en\"\n  width=\"100%\"\n  height=\"2500\"\n  scrolling=\"no\"\n  frameborder=\"0\"\n  style=\"border:none;\">\n<\/iframe>\n\n<script src=\"https:\/\/cdnjs.cloudflare.com\/ajax\/libs\/iframe-resizer\/4.2.11\/iframeResizer.min.js\"><\/script>\n<script>\n  iFrameResize(\n    {\n      checkOrigin: false,\n      log: false,\n      heightCalculationMethod: 'bodyScroll'\n    },\n    '#softr-planning'\n  );\n<\/script>\n\t\t<\/div>\n\t\t\t\t<\/div>\n\t\t\t\t<\/div>\n\t\t<div class=\"elementor-element elementor-element-a0f6a01 e-con-full elementor-hidden-desktop elementor-hidden-tablet e-flex e-con e-parent\" data-id=\"a0f6a01\" data-element_type=\"container\" data-settings=\"{&quot;content_width&quot;:&quot;full&quot;}\" data-core-v316-plus=\"true\">\n\t\t\t\t<div class=\"elementor-element elementor-element-43e46cd elementor-widget elementor-widget-html\" data-id=\"43e46cd\" data-element_type=\"widget\" data-widget_type=\"html.default\">\n\t\t\t\t<div class=\"elementor-widget-container\">\n\t\t\t<!-- Container -->\n<div id=\"softr-container\" style=\"position: relative; width: 100%; overflow: hidden;\">\n  <iframe\n    id=\"softr-iframe\"\n    src=\"https:\/\/instructorwem.softr.app\/planning-t-learning-membres-en-mobile\"\n    title=\"Planning WEMountain\"\n    style=\"border: none; width: 1px; min-width: 100%; height: 800vh;\"\n    frameborder=\"0\"\n    scrolling=\"no\"\n    loading=\"lazy\"\n    allowfullscreen>\n  <\/iframe>\n<\/div>\n\n<!-- Script to auto-resize -->\n<script src=\"https:\/\/cdnjs.cloudflare.com\/ajax\/libs\/iframe-resizer\/4.2.11\/iframeResizer.min.js\"><\/script>\n<script>\n  document.addEventListener(\"DOMContentLoaded\", function () {\n    if (typeof iFrameResize !== \"undefined\") {\n      iFrameResize({\n        log: false,\n        checkOrigin: false,             \/\/ n\u00e9cessaire pour \u00e9viter les erreurs cross-domain\n        heightCalculationMethod: 'bodyScroll', \/\/ plus stable sur Safari\n        sizeHeight: true,\n        resizedCallback: function (messageData) {\n          \/\/ S\u00e9curit\u00e9 : limite la hauteur max (\u00e9vite les boucles sur Safari)\n          if (messageData.height > 5000) {\n            messageData.iframe.style.height = \"5000px\";\n          }\n        }\n      }, '#softr-iframe');\n    }\n  });\n<\/script>\n\t\t<\/div>\n\t\t\t\t<\/div>\n\t\t\t\t<\/div>\n\t\t\t\t\t\t\t<\/div>\n\t\t","protected":false},"excerpt":{"rendered":"<p>T-LEARNING COURSES SCHEDULE Book a Course CHOOSE YOUR COURSE<\/p>\n","protected":false},"author":2411,"featured_media":0,"parent":0,"menu_order":0,"comment_status":"closed","ping_status":"closed","template":"elementor_header_footer","meta":{"footnotes":""},"class_list":["post-52053","page","type-page","status-publish","hentry"],"_links":{"self":[{"href":"https:\/\/w3mountain.com\/en\/wp-json\/wp\/v2\/pages\/52053","targetHints":{"allow":["GET"]}}],"collection":[{"href":"https:\/\/w3mountain.com\/en\/wp-json\/wp\/v2\/pages"}],"about":[{"href":"https:\/\/w3mountain.com\/en\/wp-json\/wp\/v2\/types\/page"}],"author":[{"embeddable":true,"href":"https:\/\/w3mountain.com\/en\/wp-json\/wp\/v2\/users\/2411"}],"replies":[{"embeddable":true,"href":"https:\/\/w3mountain.com\/en\/wp-json\/wp\/v2\/comments?post=52053"}],"version-history":[{"count":0,"href":"https:\/\/w3mountain.com\/en\/wp-json\/wp\/v2\/pages\/52053\/revisions"}],"wp:attachment":[{"href":"https:\/\/w3mountain.com\/en\/wp-json\/wp\/v2\/media?parent=52053"}],"curies":[{"name":"wp","href":"https:\/\/api.w.org\/{rel}","templated":true}]}}